{"id":7274,"date":"2020-10-26T11:46:17","date_gmt":"2020-10-26T09:46:17","guid":{"rendered":"https:\/\/akkoinvest.hu\/?page_id=7274"},"modified":"2020-10-26T11:46:17","modified_gmt":"2020-10-26T09:46:17","slug":"popup","status":"publish","type":"page","link":"https:\/\/akkoinvest.hu\/en\/popup\/","title":{"rendered":"Popup"},"content":{"rendered":"<div data-elementor-type=\"popup\" data-elementor-id=\"401\" class=\"elementor elementor-401\" data-elementor-settings=\"{&quot;entrance_animation&quot;:&quot;fadeIn&quot;,&quot;exit_animation&quot;:&quot;fadeIn&quot;,&quot;entrance_animation_duration&quot;:{&quot;unit&quot;:&quot;px&quot;,&quot;size&quot;:1.2,&quot;sizes&quot;:[]},&quot;a11y_navigation&quot;:&quot;yes&quot;,&quot;timing&quot;:[]}\" data-elementor-post-type=\"elementor_library\">\n\t\t\t\t\t<section class=\"elementor-section elementor-top-section elementor-element elementor-element-e886169 elementor-section-boxed elementor-section-height-default elementor-section-height-default\" data-id=\"e886169\" data-element_type=\"section\" data-e-type=\"section\" data-settings=\"{&quot;background_background&quot;:&quot;classic&quot;}\">\n\t\t\t\t\t\t<div class=\"elementor-container elementor-column-gap-default\">\n\t\t\t\t\t<div class=\"elementor-column elementor-col-100 elementor-top-column elementor-element elementor-element-db3b053\" data-id=\"db3b053\" data-element_type=\"column\" data-e-type=\"column\">\n\t\t\t<div class=\"elementor-widget-wrap elementor-element-populated\">\n\t\t\t\t\t\t<div class=\"elementor-element elementor-element-9965785 elementor-widget elementor-widget-heading\" data-id=\"9965785\" data-element_type=\"widget\" data-e-type=\"widget\" data-widget_type=\"heading.default\">\n\t\t\t\t<div class=\"elementor-widget-container\">\n\t\t\t\t\t<h2 class=\"elementor-heading-title elementor-size-default\">Securities identification data - Archive<\/h2>\t\t\t\t<\/div>\n\t\t\t\t<\/div>\n\t\t\t\t<div class=\"elementor-element elementor-element-44d1cc5 elementor-widget elementor-widget-text-editor\" data-id=\"44d1cc5\" data-element_type=\"widget\" data-e-type=\"widget\" data-widget_type=\"text-editor.default\">\n\t\t\t\t<div class=\"elementor-widget-container\">\n\t\t\t\t\t\t\t\t\t<p class=\"p1\"><b>2025. \u00e1prilis 8-t\u00f3l<\/b><b><\/b><\/p><p class=\"p1\">AKKO Invest PLC ORDINARY SHARE (\u201cC\u201d series)<br \/>ISIN-azonos\u00edt\u00f3: HU0000170824<\/p><p class=\"p1\">T\u0151zsd\u00e9re bevezetett mennyis\u00e9g: 33 355 200<br \/>\u2022 nominal value and currency: HUF 25<br \/>\u2022 nominal value number of pieces: 33.355.200<br \/>\u2022 \u00f6sszn\u00e9v\u00e9rt\u00e9k: 833 880 000 HUF<\/p><p class=\"p1\">Keletkeztet\u00e9s alatt \u00e1ll\u00f3: 6 671 039<br \/>\u2022 nominal value and currency: HUF 25<br \/>\u2022 n\u00e9v\u00e9rt\u00e9k \u00e9s darabsz\u00e1m: 6.671.039<br \/>\u2022 \u00f6sszn\u00e9v\u00e9rt\u00e9k: 166 775 975 HUF<\/p><p class=\"p1\">AKKO Invest NYRT ELS\u0150BBS\u00c9GI R\u00c9SZV\u00c9NY (\u201cD\u201d sorozat)<br \/>ISIN-azonos\u00edt\u00f3: HU0000223573<br \/>Keletkeztet\u00e9s alatt \u00e1ll\u00f3: 6 461 375<br \/>\u2022 n\u00e9v\u00e9rt\u00e9k \u00e9s devizanem: 100,- HUF<br \/>\u2022 n\u00e9v\u00e9rt\u00e9k \u00e9s darabsz\u00e1m: 6.461.375<br \/>\u2022 \u00f6sszn\u00e9v\u00e9rt\u00e9k: 646 137 500 HUF<\/p><p class=\"p1\">\u00d6sszn\u00e9v\u00e9rt\u00e9k (\u201cC\u201d \u00e9s \u201cD\u201d sorozat\u00fa t\u00f6rzsr\u00e9szv\u00e9nyek \u00f6sszesen): 1.646.793.645,- HUF<\/p><p class=\"p1\">\u2022 rights related to the share type and share class: in accordance with the applicable Articles of Association and the Economic Code<br \/>\u2022 transfer restrictions: in accordance with the applicable Articles of Association<\/p><p class=\"p1\"><b>LEI code: <\/b>529900ZJTFAIEDHW9U42<\/p><p class=\"p1\"><b>Expiry date: <\/b>2030.04.30.<\/p><p><strong>From October 28, 2019<\/strong><\/p><p>AKKO Invest PLC ORDINARY SHARE (\u201cC\u201d series)<br \/>\u2022 ISIN ID: HU0000170824<br \/>\u2022 nominal value and currency: HUF 25<br \/>\u2022 nominal value number of pieces: 33.355.200<br \/>\u2022 total nominal value: HUF 833.880.000<br \/>\u2022 rights related to the share type and share class: in accordance with the applicable Articles of Association and the Economic Code<br \/>\u2022 transfer restrictions: in accordance with the applicable Articles of Association<\/p><p><strong>from 14 August 2019<\/strong><\/p><p>AKKO Invest PLC ORDINARY SHARE (\u201cC\u201d series)<br \/>\u2022 ISIN ID: HU0000165972<br \/>\u2022 nominal value and currency: 1,600 HUF<br \/>\u2022 nominal value number: 521,175<br \/>\u2022 total nominal value: HUF 833.880.000<br \/>\u2022 rights related to the share type and share class: in accordance with the applicable Articles of Association and the Economic Code<br \/>\u2022 transfer restrictions: in accordance with the applicable Articles of Association<\/p><p><strong>until August 13, 2019<\/strong><\/p><p>AKKO Invest PLC ORDINARY SHARE (\u201cC\u201d series)<br \/>\u2022 ISIN ID: HU0000097530<br \/>\u2022 nominal value and currency: 250, - HUF<br \/>\u2022 nominal value number: 494,236<br \/>\u2022 total nominal value: HUF 123,559,000<br \/>\u2022 rights related to the share type and share class: in accordance with the applicable Articles of Association and the Economic Code<br \/>\u2022 transfer restrictions: in accordance with the applicable Articles of Association<\/p><p>AKKO Invest PLC PRIORITY VOTING SHARE (Series \u201cA\u201d)<br \/>\u2022 ISIN ID: HU0000097548<br \/>\u2022 nominal value and currency: 250, - HUF<br \/>\u2022 nominal value number: 26,739<br \/>\u2022 total nominal value: HUF 6,684,750<br \/>\u2022 rights related to the share type and share class: in accordance with the applicable Articles of Association and the Economic Code<br \/>\u2022 transfer restrictions: in accordance with the applicable Articles of Association<\/p><p>AKKO Invest PLC DIVIDEND PRIMARY SHARE (Series \u201cB\u201d)<br \/>\u2022 ISIN ID: HU0000097555<br \/>\u2022 nominal value and currency: 250, - HUF<br \/>\u2022 nominal value number of pieces: 200<br \/>\u2022 total nominal value: 50,000 HUF<br \/>\u2022 rights related to the share type and share class: in accordance with the applicable Articles of Association and the Economic Code<br \/>\u2022 transfer restrictions: in accordance with the applicable Articles of Association<\/p><p>PLOTINUS 2019 \/ THE BOND<\/p><p>\u2022 ISIN ID: HU0000356498<br \/>\u2022 nominal value and currency: HUF 100,000<br \/>\u2022 nominal value number: 6.408<br \/>\u2022 total nominal value: HUF 640,800,000<\/p>\t\t\t\t\t\t\t\t<\/div>\n\t\t\t\t<\/div>\n\t\t\t\t\t<\/div>\n\t\t<\/div>\n\t\t\t\t\t<\/div>\n\t\t<\/section>\n\t\t\t\t<\/div>","protected":false},"excerpt":{"rendered":"","protected":false},"author":1,"featured_media":0,"parent":0,"menu_order":0,"comment_status":"closed","ping_status":"closed","template":"","meta":{"footnotes":""},"class_list":["post-7274","page","type-page","status-publish","hentry"],"_links":{"self":[{"href":"https:\/\/akkoinvest.hu\/en\/wp-json\/wp\/v2\/pages\/7274","targetHints":{"allow":["GET"]}}],"collection":[{"href":"https:\/\/akkoinvest.hu\/en\/wp-json\/wp\/v2\/pages"}],"about":[{"href":"https:\/\/akkoinvest.hu\/en\/wp-json\/wp\/v2\/types\/page"}],"author":[{"embeddable":true,"href":"https:\/\/akkoinvest.hu\/en\/wp-json\/wp\/v2\/users\/1"}],"replies":[{"embeddable":true,"href":"https:\/\/akkoinvest.hu\/en\/wp-json\/wp\/v2\/comments?post=7274"}],"version-history":[{"count":1,"href":"https:\/\/akkoinvest.hu\/en\/wp-json\/wp\/v2\/pages\/7274\/revisions"}],"predecessor-version":[{"id":7275,"href":"https:\/\/akkoinvest.hu\/en\/wp-json\/wp\/v2\/pages\/7274\/revisions\/7275"}],"wp:attachment":[{"href":"https:\/\/akkoinvest.hu\/en\/wp-json\/wp\/v2\/media?parent=7274"}],"curies":[{"name":"wp","href":"https:\/\/api.w.org\/{rel}","templated":true}]}}