{"id":338,"date":"2020-01-13T08:15:30","date_gmt":"2020-01-13T08:15:30","guid":{"rendered":"https:\/\/akkoinvest.hu\/?page_id=338"},"modified":"2026-03-24T16:44:19","modified_gmt":"2026-03-24T14:44:19","slug":"reszvenyesi-informaciok","status":"publish","type":"page","link":"https:\/\/akkoinvest.hu\/en\/reszvenyesi-informaciok\/","title":{"rendered":"SHAREHOLDER INFORMATIONS"},"content":{"rendered":"<div data-elementor-type=\"wp-page\" data-elementor-id=\"338\" class=\"elementor elementor-338\" data-elementor-post-type=\"page\">\n\t\t\t\t\t\t<section class=\"elementor-section elementor-top-section elementor-element elementor-element-78b89bc9 elementor-section-full_width elementor-section-height-default elementor-section-height-default\" data-id=\"78b89bc9\" data-element_type=\"section\" data-settings=\"{&quot;background_background&quot;:&quot;classic&quot;,&quot;motion_fx_motion_fx_scrolling&quot;:&quot;yes&quot;,&quot;motion_fx_devices&quot;:[&quot;desktop&quot;,&quot;tablet&quot;,&quot;mobile&quot;]}\">\n\t\t\t\t\t\t\t<div class=\"elementor-background-overlay\"><\/div>\n\t\t\t\t\t\t\t<div class=\"elementor-container elementor-column-gap-no\">\n\t\t\t\t\t<div class=\"elementor-column elementor-col-100 elementor-top-column elementor-element elementor-element-c187c81\" data-id=\"c187c81\" data-element_type=\"column\">\n\t\t\t<div class=\"elementor-widget-wrap elementor-element-populated\">\n\t\t\t\t\t\t<div class=\"elementor-element elementor-element-31ee7eed elementor-widget elementor-widget-heading\" data-id=\"31ee7eed\" data-element_type=\"widget\" data-widget_type=\"heading.default\">\n\t\t\t\t<div class=\"elementor-widget-container\">\n\t\t\t\t\t<h1 class=\"elementor-heading-title elementor-size-default\">SHAREHOLDER INFORMATIONS<\/h1>\t\t\t\t<\/div>\n\t\t\t\t<\/div>\n\t\t\t\t\t<\/div>\n\t\t<\/div>\n\t\t\t\t\t<\/div>\n\t\t<\/section>\n\t\t\t\t<section class=\"elementor-section elementor-top-section elementor-element elementor-element-52f248ab elementor-section-height-min-height elementor-section-items-stretch elementor-section-full_width elementor-section-height-default\" data-id=\"52f248ab\" data-element_type=\"section\" id=\"azonosito\" data-settings=\"{&quot;background_background&quot;:&quot;classic&quot;}\">\n\t\t\t\t\t\t<div class=\"elementor-container elementor-column-gap-default\">\n\t\t\t\t\t<div class=\"elementor-column elementor-col-50 elementor-top-column elementor-element elementor-element-1048c5e\" data-id=\"1048c5e\" data-element_type=\"column\" data-settings=\"{&quot;background_background&quot;:&quot;classic&quot;}\">\n\t\t\t<div class=\"elementor-widget-wrap elementor-element-populated\">\n\t\t\t\t\t\t<div class=\"elementor-element elementor-element-68f919d0 elementor-widget elementor-widget-heading\" data-id=\"68f919d0\" data-element_type=\"widget\" data-widget_type=\"heading.default\">\n\t\t\t\t<div class=\"elementor-widget-container\">\n\t\t\t\t\t<h1 class=\"elementor-heading-title elementor-size-default\">Securities Identification Data<\/h1>\t\t\t\t<\/div>\n\t\t\t\t<\/div>\n\t\t\t\t<div class=\"elementor-element elementor-element-5353cead elementor-widget elementor-widget-text-editor\" data-id=\"5353cead\" data-element_type=\"widget\" data-widget_type=\"text-editor.default\">\n\t\t\t\t<div class=\"elementor-widget-container\">\n\t\t\t\t\t\t\t\t\t<p><b>2025. \u00e1prilis 22-t\u0151l<\/b><\/p><p style=\"font-weight: 400;\">AKKO Invest PLC ORDINARY SHARE (\u201cC\u201d series)<br \/>ISIN-azonos\u00edt\u00f3: HU0000170824<br \/><br \/>T\u0151zsd\u00e9re bevezetett mennyis\u00e9g: 40\u00a0026 239<br \/>\u2022 nominal value and currency: HUF 25<br \/>\u2022 n\u00e9v\u00e9rt\u00e9k darabsz\u00e1m: 40.026.239<br \/>\u2022 \u00f6sszn\u00e9v\u00e9rt\u00e9k: 1\u00a0000\u00a0655\u00a0975 HUF<br \/><br \/>AKKO Invest NYRT ELS\u0150BBS\u00c9GI R\u00c9SZV\u00c9NY (\u201cD\u201d sorozat)<br \/>ISIN-azonos\u00edt\u00f3: HU0000223573<br \/>T\u0151zsdei keresked\u00e9sbe NEM bevezetett mennyis\u00e9g: 6 461 375<br \/>\u2022 n\u00e9v\u00e9rt\u00e9k \u00e9s devizanem: 100,- HUF<br \/>\u2022 n\u00e9v\u00e9rt\u00e9k \u00e9s darabsz\u00e1m: 6.461.375<br \/>\u2022 \u00f6sszn\u00e9v\u00e9rt\u00e9k: 646 137 500 HUF<\/p><p style=\"font-weight: 400;\">\u00a0<\/p><p style=\"font-weight: 400;\">\u00d6sszn\u00e9v\u00e9rt\u00e9k (\u201cC\u201d \u00e9s \u201cD\u201d sorozat\u00fa t\u00f6rzsr\u00e9szv\u00e9nyek \u00f6sszesen): 1.646.793.475,- HUF<\/p><ul><li style=\"font-weight: 400;\">a r\u00e9szv\u00e9nyfajt\u00e1hoz, r\u00e9szv\u00e9nyoszt\u00e1lyhoz kapcsol\u00f3d\u00f3 jogok: hat\u00e1lyos Alapszab\u00e1ly \u00e9s Gt. szerint<br \/>\u2022 transfer restrictions: in accordance with the applicable Articles of Association<\/li><\/ul><p style=\"font-weight: 400;\">\u00a0<\/p><p style=\"font-weight: 400;\"><strong>LEI code:\u00a0<\/strong>529900ZJTFAIEDHW9U42<\/p><p style=\"font-weight: 400;\"><strong>Expiry date:\u00a0<\/strong>2030.04.30.<\/p>\t\t\t\t\t\t\t\t<\/div>\n\t\t\t\t<\/div>\n\t\t\t\t<div class=\"elementor-element elementor-element-4f8aff05 elementor-align-left elementor-tablet-align-left elementor-widget elementor-widget-button\" data-id=\"4f8aff05\" data-element_type=\"widget\" data-widget_type=\"button.default\">\n\t\t\t\t<div class=\"elementor-widget-container\">\n\t\t\t\t\t\t\t\t\t<div class=\"elementor-button-wrapper\">\n\t\t\t\t\t<a class=\"elementor-button elementor-button-link elementor-size-sm\" href=\"#elementor-action%3Aaction%3Dpopup%3Aopen%26settings%3DeyJpZCI6IjQwMSIsInRvZ2dsZSI6ZmFsc2V9\">\n\t\t\t\t\t\t<span class=\"elementor-button-content-wrapper\">\n\t\t\t\t\t\t<span class=\"elementor-button-icon\">\n\t\t\t\t<i aria-hidden=\"true\" class=\"fas fa-caret-right\"><\/i>\t\t\t<\/span>\n\t\t\t\t\t\t\t\t\t<span class=\"elementor-button-text\">VIEW ARCHIVE DATA<\/span>\n\t\t\t\t\t<\/span>\n\t\t\t\t\t<\/a>\n\t\t\t\t<\/div>\n\t\t\t\t\t\t\t\t<\/div>\n\t\t\t\t<\/div>\n\t\t\t\t\t<\/div>\n\t\t<\/div>\n\t\t\t\t<div class=\"elementor-column elementor-col-50 elementor-top-column elementor-element elementor-element-6b1b333\" data-id=\"6b1b333\" data-element_type=\"column\" data-settings=\"{&quot;background_background&quot;:&quot;classic&quot;}\">\n\t\t\t<div class=\"elementor-widget-wrap elementor-element-populated\">\n\t\t\t\t\t\t<div class=\"elementor-element elementor-element-10f893ec elementor-widget elementor-widget-spacer\" data-id=\"10f893ec\" data-element_type=\"widget\" data-widget_type=\"spacer.default\">\n\t\t\t\t<div class=\"elementor-widget-container\">\n\t\t\t\t\t\t\t<div class=\"elementor-spacer\">\n\t\t\t<div class=\"elementor-spacer-inner\"><\/div>\n\t\t<\/div>\n\t\t\t\t\t\t<\/div>\n\t\t\t\t<\/div>\n\t\t\t\t\t<\/div>\n\t\t<\/div>\n\t\t\t\t\t<\/div>\n\t\t<\/section>\n\t\t\t\t<section class=\"elementor-section elementor-top-section elementor-element elementor-element-59aac6e5 elementor-section-boxed elementor-section-height-default elementor-section-height-default\" data-id=\"59aac6e5\" data-element_type=\"section\" data-settings=\"{&quot;background_background&quot;:&quot;classic&quot;}\">\n\t\t\t\t\t\t<div class=\"elementor-container elementor-column-gap-default\">\n\t\t\t\t\t<div class=\"elementor-column elementor-col-100 elementor-top-column elementor-element elementor-element-76372e6e\" data-id=\"76372e6e\" data-element_type=\"column\">\n\t\t\t<div class=\"elementor-widget-wrap elementor-element-populated\">\n\t\t\t\t\t\t<div class=\"elementor-element elementor-element-70844831 elementor-widget elementor-widget-heading\" data-id=\"70844831\" data-element_type=\"widget\" data-widget_type=\"heading.default\">\n\t\t\t\t<div class=\"elementor-widget-container\">\n\t\t\t\t\t<h1 class=\"elementor-heading-title elementor-size-default\">Company Events<\/h1>\t\t\t\t<\/div>\n\t\t\t\t<\/div>\n\t\t\t\t<div class=\"elementor-element elementor-element-4a5d739 elementor-widget elementor-widget-text-editor\" data-id=\"4a5d739\" data-element_type=\"widget\" data-widget_type=\"text-editor.default\">\n\t\t\t\t<div class=\"elementor-widget-container\">\n\t\t\t\t\t\t\t\t\t<p><strong>2026. m\u00e1rcius 24.<\/strong> &#8211; A 2025. \u00fczleti \u00e9v, \u00e9ves rendes k\u00f6zgy\u0171l\u00e9s\u00e9re sz\u00f3l\u00f3 megh\u00edv\u00f3 k\u00f6zz\u00e9t\u00e9tele<\/p><p><strong>2026. \u00e1prilis 2.<\/strong> \u2013 Az \u00e9ves rendes k\u00f6zgy\u0171l\u00e9s el\u0151terjeszt\u00e9seinek \u00e9s hat\u00e1rozati javaslatainak (2025. \u00e9vi \u00e9ves egyedi \u00e9s konszolid\u00e1lt IFRS jelent\u00e9s) k\u00f6zz\u00e9t\u00e9tele<\/p><p><strong>2026. \u00e1prilis 23.<\/strong> &#8211; \u00c9ves rendes k\u00f6zgy\u0171l\u00e9s K\u00f6zgy\u0171l\u00e9s \u00e1ltal elfogadott 2025. \u00e9vi \u00e9ves egyedi \u00e9s konszolid\u00e1lt IFRS jelent\u00e9s k\u00f6zz\u00e9t\u00e9tele, 2025. \u00e9vi Konszolid\u00e1lt Fenntarthat\u00f3s\u00e1gi -\u00e9s EU Taxon\u00f3mia Jelent\u00e9s, 2025. \u00e9vi Felel\u0151s T\u00e1rsas\u00e1gir\u00e1ny\u00edt\u00e1si Jelent\u00e9s, 2025. \u00e9vi Javadalmaz\u00e1si Jelent\u00e9s k\u00f6zz\u00e9t\u00e9tele<\/p><p><strong>2026. szeptember 23.<\/strong> \u2013 A 2026. I. f\u00e9l\u00e9ves Konszolid\u00e1lt IFRS Jelent\u00e9s k\u00f6zz\u00e9t\u00e9tele<\/p>\t\t\t\t\t\t\t\t<\/div>\n\t\t\t\t<\/div>\n\t\t\t\t\t<\/div>\n\t\t<\/div>\n\t\t\t\t\t<\/div>\n\t\t<\/section>\n\t\t\t\t<section class=\"elementor-section elementor-top-section elementor-element elementor-element-13e2535 elementor-section-boxed elementor-section-height-default elementor-section-height-default\" data-id=\"13e2535\" data-element_type=\"section\" data-settings=\"{&quot;background_background&quot;:&quot;classic&quot;}\">\n\t\t\t\t\t\t<div class=\"elementor-container elementor-column-gap-default\">\n\t\t\t\t\t<div class=\"elementor-column elementor-col-100 elementor-top-column elementor-element elementor-element-e63b1c3\" data-id=\"e63b1c3\" data-element_type=\"column\">\n\t\t\t<div class=\"elementor-widget-wrap elementor-element-populated\">\n\t\t\t\t\t\t<div class=\"elementor-element elementor-element-dee6f65 elementor-widget elementor-widget-heading\" data-id=\"dee6f65\" data-element_type=\"widget\" data-widget_type=\"heading.default\">\n\t\t\t\t<div class=\"elementor-widget-container\">\n\t\t\t\t\t<h1 class=\"elementor-heading-title elementor-size-default\">General Assemblies<\/h1>\t\t\t\t<\/div>\n\t\t\t\t<\/div>\n\t\t\t\t<div class=\"elementor-element elementor-element-db2785c elementor-widget elementor-widget-text-editor\" data-id=\"db2785c\" data-element_type=\"widget\" data-widget_type=\"text-editor.default\">\n\t\t\t\t<div class=\"elementor-widget-container\">\n\t\t\t\t\t\t\t\t\t<p style=\"font-weight: 400;\">Date of the general meeting: <b>2026. \u00e1prilis 23. 14:30<\/b><\/p><p style=\"font-weight: 400;\" class=\" translation-block\">Venue of the General Meeting: HillSide Offices -1123 Budapest, Alkot\u00e1s utca 55-61.<\/p><p style=\"font-weight: 400;\">A regisztr\u00e1ci\u00f3 a K\u00f6zgy\u0171l\u00e9s helysz\u00edn\u00e9n \u00e9s napj\u00e1n: 14:00 \u00f3rakor, a megism\u00e9telt K\u00f6zgy\u0171l\u00e9s eset\u00e9n a megism\u00e9telt K\u00f6zgy\u0171l\u00e9s napj\u00e1n 15:30 \u00f3rakor kezd\u0151dik.<\/p><p style=\"font-weight: 400;\" class=\" translation-block\">More information can be found in the<a href=\"https:\/\/akkoinvest.hu\/docs\/2024-03-20-kozgyulesi-meghivo-2024-04-19\/\" data-saferedirecturl=\"https:\/\/www.google.com\/url?q=https:\/\/akkoinvest.hu\/docs\/2024-03-20-kozgyulesi-meghivo-2024-04-19\/&amp;source=gmail&amp;ust=1744470459864000&amp;usg=AOvVaw1HcDUeQJsKaKtFcmFU-Qj6\" target=\"_self\">General Meeting Invitation<\/a><\/p><p style=\"font-weight: 400;\">Method of holding the General Meeting: by personal appearance or by way of a proxy.<\/p><p style=\"font-weight: 400;\">Amennyiben a K\u00f6zgy\u0171l\u00e9s nem hat\u00e1rozatk\u00e9pes, \u00fagy a megism\u00e9telt K\u00f6zgy\u0171l\u00e9s\u00a0<b>2026.<\/b>\u00a0\u00e9v\u00a0<b>\u00e1prilis<\/b>\u00a0h\u00f3\u00a0<b><wbr \/>23.<\/b>\u00a0napj\u00e1n\u00a0<b>16:00<\/b>\u00a0\u00f3rakor, v\u00e1ltozatlan napirendi pontokkal, az eredeti helysz\u00ednen: HillSide Offices -1123 Budapest, Alkot\u00e1s utca 55-61. c\u00edmen ker\u00fcl megtart\u00e1sra. A megism\u00e9telt K\u00f6zgy\u0171l\u00e9sen a r\u00e9szv\u00e9teli jogosults\u00e1g felt\u00e9telei megegyeznek az eredeti K\u00f6zgy\u0171l\u00e9s r\u00e9szv\u00e9teli felt\u00e9teleivel. A megism\u00e9telt K\u00f6zgy\u0171l\u00e9s az eredeti napirenden szerepl\u0151 \u00fcgyekben \u2013 a megjelent r\u00e9szv\u00e9nyesek sz\u00e1m\u00e1ra val\u00f3 tekintet n\u00e9lk\u00fcl \u2013 hat\u00e1rozatk\u00e9pes.<\/p>\t\t\t\t\t\t\t\t<\/div>\n\t\t\t\t<\/div>\n\t\t\t\t\t<\/div>\n\t\t<\/div>\n\t\t\t\t\t<\/div>\n\t\t<\/section>\n\t\t\t\t<section class=\"elementor-section elementor-top-section elementor-element elementor-element-2af04cc elementor-section-boxed elementor-section-height-default elementor-section-height-default\" data-id=\"2af04cc\" data-element_type=\"section\" data-settings=\"{&quot;background_background&quot;:&quot;classic&quot;}\">\n\t\t\t\t\t\t<div class=\"elementor-container elementor-column-gap-default\">\n\t\t\t\t\t<div class=\"elementor-column elementor-col-100 elementor-top-column elementor-element elementor-element-ae785d9\" data-id=\"ae785d9\" data-element_type=\"column\">\n\t\t\t<div class=\"elementor-widget-wrap elementor-element-populated\">\n\t\t\t\t\t\t<div class=\"elementor-element elementor-element-7c68d7f elementor-widget elementor-widget-heading\" data-id=\"7c68d7f\" data-element_type=\"widget\" data-widget_type=\"heading.default\">\n\t\t\t\t<div class=\"elementor-widget-container\">\n\t\t\t\t\t<h1 class=\"elementor-heading-title elementor-size-default\">Corporate Governance<\/h1>\t\t\t\t<\/div>\n\t\t\t\t<\/div>\n\t\t\t\t<section class=\"elementor-section elementor-inner-section elementor-element elementor-element-08cb229 elementor-section-boxed elementor-section-height-default elementor-section-height-default\" data-id=\"08cb229\" data-element_type=\"section\">\n\t\t\t\t\t\t<div class=\"elementor-container elementor-column-gap-default\">\n\t\t\t\t\t<div class=\"elementor-column elementor-col-50 elementor-inner-column elementor-element elementor-element-8641f9f\" data-id=\"8641f9f\" data-element_type=\"column\">\n\t\t\t<div class=\"elementor-widget-wrap elementor-element-populated\">\n\t\t\t\t\t\t<div class=\"elementor-element elementor-element-c3b7cc7 elementor-align-center elementor-widget elementor-widget-button\" data-id=\"c3b7cc7\" data-element_type=\"widget\" data-widget_type=\"button.default\">\n\t\t\t\t<div class=\"elementor-widget-container\">\n\t\t\t\t\t\t\t\t\t<div class=\"elementor-button-wrapper\">\n\t\t\t\t\t<a class=\"elementor-button elementor-button-link elementor-size-md\" href=\"\/wp-content\/uploads\/2020\/02\/2019.09.10-AKKO-Invest-Audit-bizotts\u00e1g-\u00fcgyrendje.pdf\">\n\t\t\t\t\t\t<span class=\"elementor-button-content-wrapper\">\n\t\t\t\t\t\t<span class=\"elementor-button-icon\">\n\t\t\t\t<i aria-hidden=\"true\" class=\"fas fa-caret-right\"><\/i>\t\t\t<\/span>\n\t\t\t\t\t\t\t\t\t<span class=\"elementor-button-text\">Rules of Procedure of the Audit Commitee<\/span>\n\t\t\t\t\t<\/span>\n\t\t\t\t\t<\/a>\n\t\t\t\t<\/div>\n\t\t\t\t\t\t\t\t<\/div>\n\t\t\t\t<\/div>\n\t\t\t\t\t<\/div>\n\t\t<\/div>\n\t\t\t\t<div class=\"elementor-column elementor-col-50 elementor-inner-column elementor-element elementor-element-9784e2d\" data-id=\"9784e2d\" data-element_type=\"column\">\n\t\t\t<div class=\"elementor-widget-wrap elementor-element-populated\">\n\t\t\t\t\t\t<div class=\"elementor-element elementor-element-c3fd305 elementor-align-center elementor-widget elementor-widget-button\" data-id=\"c3fd305\" data-element_type=\"widget\" data-widget_type=\"button.default\">\n\t\t\t\t<div class=\"elementor-widget-container\">\n\t\t\t\t\t\t\t\t\t<div class=\"elementor-button-wrapper\">\n\t\t\t\t\t<a class=\"elementor-button elementor-button-link elementor-size-md\" href=\"\/wp-content\/uploads\/2020\/02\/2019.09.10-AKKO-Invest-IT-\u00fcgyrend.pdf\">\n\t\t\t\t\t\t<span class=\"elementor-button-content-wrapper\">\n\t\t\t\t\t\t<span class=\"elementor-button-icon\">\n\t\t\t\t<i aria-hidden=\"true\" class=\"fas fa-caret-right\"><\/i>\t\t\t<\/span>\n\t\t\t\t\t\t\t\t\t<span class=\"elementor-button-text\">Rules of Procedure of the Management Board<\/span>\n\t\t\t\t\t<\/span>\n\t\t\t\t\t<\/a>\n\t\t\t\t<\/div>\n\t\t\t\t\t\t\t\t<\/div>\n\t\t\t\t<\/div>\n\t\t\t\t\t<\/div>\n\t\t<\/div>\n\t\t\t\t\t<\/div>\n\t\t<\/section>\n\t\t\t\t\t<\/div>\n\t\t<\/div>\n\t\t\t\t\t<\/div>\n\t\t<\/section>\n\t\t\t\t<\/div>","protected":false},"excerpt":{"rendered":"<p>R\u00e9szv\u00e9nyesi inform\u00e1ci\u00f3k \u00c9rt\u00e9kpap\u00edrok azonos\u00edt\u00f3 adatai 2025. \u00e1prilis 22-t\u0151l AKKO Invest NYRT T\u00d6RZSR\u00c9SZV\u00c9NY (\u201cC\u201d sorozat)ISIN-azonos\u00edt\u00f3: HU0000170824 T\u0151zsd\u00e9re bevezetett mennyis\u00e9g: 40\u00a0026 239\u2022 n\u00e9v\u00e9rt\u00e9k \u00e9s devizanem: 25,- HUF\u2022 n\u00e9v\u00e9rt\u00e9k darabsz\u00e1m: 40.026.239\u2022 \u00f6sszn\u00e9v\u00e9rt\u00e9k: 1\u00a0000\u00a0655\u00a0975 HUF AKKO Invest NYRT ELS\u0150BBS\u00c9GI R\u00c9SZV\u00c9NY (\u201cD\u201d sorozat)ISIN-azonos\u00edt\u00f3: HU0000223573T\u0151zsdei keresked\u00e9sbe NEM bevezetett mennyis\u00e9g: 6 461 375\u2022 n\u00e9v\u00e9rt\u00e9k \u00e9s devizanem: 100,- HUF\u2022 n\u00e9v\u00e9rt\u00e9k \u00e9s darabsz\u00e1m: 6.461.375\u2022 [&hellip;]<\/p>","protected":false},"author":1,"featured_media":0,"parent":0,"menu_order":0,"comment_status":"closed","ping_status":"closed","template":"elementor_header_footer","meta":{"footnotes":""},"class_list":["post-338","page","type-page","status-publish","hentry"],"_links":{"self":[{"href":"https:\/\/akkoinvest.hu\/en\/wp-json\/wp\/v2\/pages\/338","targetHints":{"allow":["GET"]}}],"collection":[{"href":"https:\/\/akkoinvest.hu\/en\/wp-json\/wp\/v2\/pages"}],"about":[{"href":"https:\/\/akkoinvest.hu\/en\/wp-json\/wp\/v2\/types\/page"}],"author":[{"embeddable":true,"href":"https:\/\/akkoinvest.hu\/en\/wp-json\/wp\/v2\/users\/1"}],"replies":[{"embeddable":true,"href":"https:\/\/akkoinvest.hu\/en\/wp-json\/wp\/v2\/comments?post=338"}],"version-history":[{"count":106,"href":"https:\/\/akkoinvest.hu\/en\/wp-json\/wp\/v2\/pages\/338\/revisions"}],"predecessor-version":[{"id":8939,"href":"https:\/\/akkoinvest.hu\/en\/wp-json\/wp\/v2\/pages\/338\/revisions\/8939"}],"wp:attachment":[{"href":"https:\/\/akkoinvest.hu\/en\/wp-json\/wp\/v2\/media?parent=338"}],"curies":[{"name":"wp","href":"https:\/\/api.w.org\/{rel}","templated":true}]}}